{"id":5845,"date":"2024-02-06T10:07:50","date_gmt":"2024-02-06T15:07:50","guid":{"rendered":"https:\/\/www.carmaxrentacar.com\/guayaquil\/?page_id=5845"},"modified":"2024-04-06T09:57:16","modified_gmt":"2024-04-06T14:57:16","slug":"blindaje-automotriz-ecuador","status":"publish","type":"page","link":"https:\/\/www.carmaxrentacar.com\/guayaquil\/blindaje-automotriz-ecuador.html","title":{"rendered":"Blindaje Automotriz Ecuador"},"content":{"rendered":"\t\t<div data-elementor-type=\"wp-page\" data-elementor-id=\"5845\" class=\"elementor elementor-5845\" data-elementor-post-type=\"page\">\n\t\t\t\t<div class=\"elementor-element elementor-element-26fca08 e-flex e-con-boxed e-con e-parent\" data-id=\"26fca08\" data-element_type=\"container\" data-e-type=\"container\">\n\t\t\t\t\t<div class=\"e-con-inner\">\n\t\t\t\t<div class=\"elementor-element elementor-element-22529be elementor-widget elementor-widget-heading\" data-id=\"22529be\" data-element_type=\"widget\" data-e-type=\"widget\" data-widget_type=\"heading.default\">\n\t\t\t\t<div class=\"elementor-widget-container\">\n\t\t\t\t\t<h1 class=\"elementor-heading-title elementor-size-default\">Blindaje Automotriz Ecuador<\/h1>\t\t\t\t<\/div>\n\t\t\t\t<\/div>\n\t\t\t\t<div class=\"elementor-element elementor-element-b1692af elementor-widget elementor-widget-heading\" data-id=\"b1692af\" data-element_type=\"widget\" data-e-type=\"widget\" data-widget_type=\"heading.default\">\n\t\t\t\t<div class=\"elementor-widget-container\">\n\t\t\t\t\t<h2 class=\"elementor-heading-title elementor-size-default\">empresas de blindaje en ecuador<\/h2>\t\t\t\t<\/div>\n\t\t\t\t<\/div>\n\t\t\t\t<div class=\"elementor-element elementor-element-bc2071c elementor-widget elementor-widget-image\" data-id=\"bc2071c\" data-element_type=\"widget\" data-e-type=\"widget\" data-widget_type=\"image.default\">\n\t\t\t\t<div class=\"elementor-widget-container\">\n\t\t\t\t\t\t\t\t\t\t\t\t\t\t\t<img fetchpriority=\"high\" decoding=\"async\" width=\"457\" height=\"465\" src=\"https:\/\/www.carmaxrentacar.com\/guayaquil\/wp-content\/uploads\/2024\/02\/universal-security.png\" class=\"attachment-full size-full wp-image-5851\" alt=\"empresas de blindaje en ecuador\" srcset=\"https:\/\/www.carmaxrentacar.com\/guayaquil\/wp-content\/uploads\/2024\/02\/universal-security.png 457w, https:\/\/www.carmaxrentacar.com\/guayaquil\/wp-content\/uploads\/2024\/02\/universal-security-295x300.png 295w\" sizes=\"(max-width: 457px) 100vw, 457px\" title=\"\">\t\t\t\t\t\t\t\t\t\t\t\t\t\t\t<\/div>\n\t\t\t\t<\/div>\n\t\t\t\t<div class=\"elementor-element elementor-element-fbd77f2 elementor-widget elementor-widget-text-editor\" data-id=\"fbd77f2\" data-element_type=\"widget\" data-e-type=\"widget\" data-widget_type=\"text-editor.default\">\n\t\t\t\t<div class=\"elementor-widget-container\">\n\t\t\t\t\t\t\t\t\t<p>Nuestra firma lidera el mercado de la seguridad vehicular, especializada en la protecci\u00f3n integral de veh\u00edculos mediante el <b>blindaje de carros y la instalaci\u00f3n de vidrios de seguridad<\/b>. Con una trayectoria rica en conocimiento y experiencia colombiana que supera las dos d\u00e9cadas, hemos forjado una reputaci\u00f3n de excelencia en el sector del blindaje vehicular, brindando <b>opciones a medida<\/b> en puntos estrat\u00e9gicos como Quito y Guayaquil.&nbsp;<\/p><p>Estamos <b>dedicados a reforzar su seguridad<\/b>, a trav\u00e9s del uso de<b> l\u00e1minas de seguridad certificadas<\/b>, que cumplen los est\u00e1ndares de calidad m\u00e1s exigentes. Independientemente de si necesita un blindaje de alta calidad en Quito o soluciones de <b>vidrios blindados en Guayaquil<\/b>, somos su aliado confiable para resguardar lo m\u00e1s preciado para usted.<\/p>\t\t\t\t\t\t\t\t<\/div>\n\t\t\t\t<\/div>\n\t\t\t\t\t<\/div>\n\t\t\t\t<\/div>\n\t\t<div class=\"elementor-element elementor-element-3470863 e-flex e-con-boxed e-con e-parent\" data-id=\"3470863\" data-element_type=\"container\" data-e-type=\"container\" data-settings=\"{&quot;background_background&quot;:&quot;classic&quot;}\">\n\t\t\t\t\t<div class=\"e-con-inner\">\n\t\t\t\t<div class=\"elementor-element elementor-element-6b293da elementor-widget elementor-widget-heading\" data-id=\"6b293da\" data-element_type=\"widget\" data-e-type=\"widget\" data-widget_type=\"heading.default\">\n\t\t\t\t<div class=\"elementor-widget-container\">\n\t\t\t\t\t<span class=\"elementor-heading-title elementor-size-default\">Consulta <u>sin<\/u> compromiso<\/span>\t\t\t\t<\/div>\n\t\t\t\t<\/div>\n\t\t\t\t<div class=\"elementor-element elementor-element-3aea066 elementor-widget elementor-widget-heading\" data-id=\"3aea066\" data-element_type=\"widget\" data-e-type=\"widget\" data-widget_type=\"heading.default\">\n\t\t\t\t<div class=\"elementor-widget-container\">\n\t\t\t\t\t<span class=\"elementor-heading-title elementor-size-default\">\u00bfTienes preguntas sobre el blindaje de tu auto?<\/span>\t\t\t\t<\/div>\n\t\t\t\t<\/div>\n\t\t\t\t<div class=\"elementor-element elementor-element-fe18d0e elementor-widget elementor-widget-heading\" data-id=\"fe18d0e\" data-element_type=\"widget\" data-e-type=\"widget\" data-widget_type=\"heading.default\">\n\t\t\t\t<div class=\"elementor-widget-container\">\n\t\t\t\t\t<span class=\"elementor-heading-title elementor-size-default\">\u00a1Env\u00edanos un mensaje por WhatsApp y obt\u00e9n todas las respuestas que necesitas para tomar la mejor decisi\u00f3n!<\/span>\t\t\t\t<\/div>\n\t\t\t\t<\/div>\n\t\t\t\t<div class=\"elementor-element elementor-element-2f20e1e elementor-align-center pulsew elementor-widget elementor-widget-button\" data-id=\"2f20e1e\" data-element_type=\"widget\" data-e-type=\"widget\" data-widget_type=\"button.default\">\n\t\t\t\t<div class=\"elementor-widget-container\">\n\t\t\t\t\t\t\t\t\t<div class=\"elementor-button-wrapper\">\n\t\t\t\t\t<a class=\"elementor-button elementor-button-link elementor-size-sm\" href=\"https:\/\/bit.ly\/3VORNm2\" target=\"_blank\" rel=\"nofollow noopener\">\n\t\t\t\t\t\t<span class=\"elementor-button-content-wrapper\">\n\t\t\t\t\t\t<span class=\"elementor-button-icon\">\n\t\t\t\t<i aria-hidden=\"true\" class=\"fab fa-whatsapp\"><\/i>\t\t\t<\/span>\n\t\t\t\t\t\t\t\t\t<span class=\"elementor-button-text\">Chat Ahora<\/span>\n\t\t\t\t\t<\/span>\n\t\t\t\t\t<\/a>\n\t\t\t\t<\/div>\n\t\t\t\t\t\t\t\t<\/div>\n\t\t\t\t<\/div>\n\t\t\t\t\t<\/div>\n\t\t\t\t<\/div>\n\t\t<div class=\"elementor-element elementor-element-28c4eb3 e-flex e-con-boxed e-con e-parent\" data-id=\"28c4eb3\" data-element_type=\"container\" data-e-type=\"container\">\n\t\t\t\t\t<div class=\"e-con-inner\">\n\t\t\t\t<div class=\"elementor-element elementor-element-f65177d elementor-widget elementor-widget-heading\" data-id=\"f65177d\" data-element_type=\"widget\" data-e-type=\"widget\" data-widget_type=\"heading.default\">\n\t\t\t\t<div class=\"elementor-widget-container\">\n\t\t\t\t\t<h3 class=\"elementor-heading-title elementor-size-default\">Blindaje de autos Quito<\/h3>\t\t\t\t<\/div>\n\t\t\t\t<\/div>\n\t\t\t\t<div class=\"elementor-element elementor-element-44aa0bd elementor-widget elementor-widget-image\" data-id=\"44aa0bd\" data-element_type=\"widget\" data-e-type=\"widget\" data-widget_type=\"image.default\">\n\t\t\t\t<div class=\"elementor-widget-container\">\n\t\t\t\t\t\t\t\t\t\t\t\t\t\t\t<img decoding=\"async\" width=\"1200\" height=\"675\" src=\"https:\/\/www.carmaxrentacar.com\/guayaquil\/wp-content\/uploads\/2024\/02\/empresas-de-blindaje-en-ecuador-1.jpg\" class=\"attachment-full size-full wp-image-5857\" alt=\"empresas de blindaje en ecuador\" srcset=\"https:\/\/www.carmaxrentacar.com\/guayaquil\/wp-content\/uploads\/2024\/02\/empresas-de-blindaje-en-ecuador-1.jpg 1200w, https:\/\/www.carmaxrentacar.com\/guayaquil\/wp-content\/uploads\/2024\/02\/empresas-de-blindaje-en-ecuador-1-300x169.jpg 300w, https:\/\/www.carmaxrentacar.com\/guayaquil\/wp-content\/uploads\/2024\/02\/empresas-de-blindaje-en-ecuador-1-1024x576.jpg 1024w, https:\/\/www.carmaxrentacar.com\/guayaquil\/wp-content\/uploads\/2024\/02\/empresas-de-blindaje-en-ecuador-1-768x432.jpg 768w\" sizes=\"(max-width: 1200px) 100vw, 1200px\" title=\"\">\t\t\t\t\t\t\t\t\t\t\t\t\t\t\t<\/div>\n\t\t\t\t<\/div>\n\t\t\t\t<div class=\"elementor-element elementor-element-a300cee elementor-widget elementor-widget-text-editor\" data-id=\"a300cee\" data-element_type=\"widget\" data-e-type=\"widget\" data-widget_type=\"text-editor.default\">\n\t\t\t\t<div class=\"elementor-widget-container\">\n\t\t\t\t\t\t\t\t\t<p>Al elegirnos, usted se beneficia de una gama completa de servicios de blindaje automotriz, desde blindaje de vidrios de autos hasta mantenimiento automotriz profesional.\u00a0<\/p><p>Nuestro <b>blindaje de 4ta generaci\u00f3n<\/b> y las l\u00e1minas de seguridad para autos permitidos se ajustan a las normativas nacionales, incluyendo el permiso de blindaje en Ecuador. Nos enorgullecemos de ofrecer vidrios blindados para autos a precios competitivos, asegurando que la seguridad de alta calidad sea accesible para todos. En Ecuador, desde Santo Domingo hasta Quito, nuestros servicios est\u00e1n dise\u00f1ados para satisfacer sus necesidades espec\u00edficas, brindando tranquilidad sin igual.<\/p>\t\t\t\t\t\t\t\t<\/div>\n\t\t\t\t<\/div>\n\t\t\t\t\t<\/div>\n\t\t\t\t<\/div>\n\t\t<div class=\"elementor-element elementor-element-604afc2 e-flex e-con-boxed e-con e-parent\" data-id=\"604afc2\" data-element_type=\"container\" data-e-type=\"container\" data-settings=\"{&quot;background_background&quot;:&quot;classic&quot;}\">\n\t\t\t\t\t<div class=\"e-con-inner\">\n\t\t\t\t<div class=\"elementor-element elementor-element-6c50d25 elementor-widget elementor-widget-heading\" data-id=\"6c50d25\" data-element_type=\"widget\" data-e-type=\"widget\" data-widget_type=\"heading.default\">\n\t\t\t\t<div class=\"elementor-widget-container\">\n\t\t\t\t\t<span class=\"elementor-heading-title elementor-size-default\">\u00a1Cotiza ahora!<\/span>\t\t\t\t<\/div>\n\t\t\t\t<\/div>\n\t\t\t\t<div class=\"elementor-element elementor-element-f0badff elementor-widget elementor-widget-heading\" data-id=\"f0badff\" data-element_type=\"widget\" data-e-type=\"widget\" data-widget_type=\"heading.default\">\n\t\t\t\t<div class=\"elementor-widget-container\">\n\t\t\t\t\t<span class=\"elementor-heading-title elementor-size-default\">No comprometa su seguridad ni la de su familia<\/span>\t\t\t\t<\/div>\n\t\t\t\t<\/div>\n\t\t\t\t<div class=\"elementor-element elementor-element-fca108c elementor-widget elementor-widget-heading\" data-id=\"fca108c\" data-element_type=\"widget\" data-e-type=\"widget\" data-widget_type=\"heading.default\">\n\t\t\t\t<div class=\"elementor-widget-container\">\n\t\t\t\t\t<span class=\"elementor-heading-title elementor-size-default\">\u00a1Env\u00edanos un WhatsApp y disfruta de la tranquilidad que mereces!<\/span>\t\t\t\t<\/div>\n\t\t\t\t<\/div>\n\t\t\t\t<div class=\"elementor-element elementor-element-3c44ce6 elementor-align-center pulsew elementor-widget elementor-widget-button\" data-id=\"3c44ce6\" data-element_type=\"widget\" data-e-type=\"widget\" data-widget_type=\"button.default\">\n\t\t\t\t<div class=\"elementor-widget-container\">\n\t\t\t\t\t\t\t\t\t<div class=\"elementor-button-wrapper\">\n\t\t\t\t\t<a class=\"elementor-button elementor-button-link elementor-size-sm\" href=\"https:\/\/bit.ly\/3VORNm2\" target=\"_blank\" rel=\"nofollow noopener\">\n\t\t\t\t\t\t<span class=\"elementor-button-content-wrapper\">\n\t\t\t\t\t\t<span class=\"elementor-button-icon\">\n\t\t\t\t<i aria-hidden=\"true\" class=\"fab fa-whatsapp\"><\/i>\t\t\t<\/span>\n\t\t\t\t\t\t\t\t\t<span class=\"elementor-button-text\">Solicitar Cotizaci\u00f3n<\/span>\n\t\t\t\t\t<\/span>\n\t\t\t\t\t<\/a>\n\t\t\t\t<\/div>\n\t\t\t\t\t\t\t\t<\/div>\n\t\t\t\t<\/div>\n\t\t\t\t\t<\/div>\n\t\t\t\t<\/div>\n\t\t<div class=\"elementor-element elementor-element-d011431 e-flex e-con-boxed e-con e-parent\" data-id=\"d011431\" data-element_type=\"container\" data-e-type=\"container\">\n\t\t\t\t\t<div class=\"e-con-inner\">\n\t\t\t\t<div class=\"elementor-element elementor-element-5f851a0 elementor-widget elementor-widget-heading\" data-id=\"5f851a0\" data-element_type=\"widget\" data-e-type=\"widget\" data-widget_type=\"heading.default\">\n\t\t\t\t<div class=\"elementor-widget-container\">\n\t\t\t\t\t<h4 class=\"elementor-heading-title elementor-size-default\">Blindaje de carros guayaquil<\/h4>\t\t\t\t<\/div>\n\t\t\t\t<\/div>\n\t\t\t\t<div class=\"elementor-element elementor-element-62a16f6 elementor-widget elementor-widget-image\" data-id=\"62a16f6\" data-element_type=\"widget\" data-e-type=\"widget\" data-widget_type=\"image.default\">\n\t\t\t\t<div class=\"elementor-widget-container\">\n\t\t\t\t\t\t\t\t\t\t\t\t\t\t\t<img decoding=\"async\" width=\"2560\" height=\"1440\" src=\"https:\/\/www.carmaxrentacar.com\/guayaquil\/wp-content\/uploads\/2024\/02\/Blindaje-de-autos-Quito-scaled.jpg\" class=\"attachment-full size-full wp-image-5858\" alt=\"Blindaje de autos Quito\" srcset=\"https:\/\/www.carmaxrentacar.com\/guayaquil\/wp-content\/uploads\/2024\/02\/Blindaje-de-autos-Quito-scaled.jpg 2560w, https:\/\/www.carmaxrentacar.com\/guayaquil\/wp-content\/uploads\/2024\/02\/Blindaje-de-autos-Quito-300x169.jpg 300w, https:\/\/www.carmaxrentacar.com\/guayaquil\/wp-content\/uploads\/2024\/02\/Blindaje-de-autos-Quito-1024x576.jpg 1024w, https:\/\/www.carmaxrentacar.com\/guayaquil\/wp-content\/uploads\/2024\/02\/Blindaje-de-autos-Quito-768x432.jpg 768w, https:\/\/www.carmaxrentacar.com\/guayaquil\/wp-content\/uploads\/2024\/02\/Blindaje-de-autos-Quito-1536x864.jpg 1536w, https:\/\/www.carmaxrentacar.com\/guayaquil\/wp-content\/uploads\/2024\/02\/Blindaje-de-autos-Quito-2048x1152.jpg 2048w\" sizes=\"(max-width: 2560px) 100vw, 2560px\" title=\"\">\t\t\t\t\t\t\t\t\t\t\t\t\t\t\t<\/div>\n\t\t\t\t<\/div>\n\t\t\t\t<div class=\"elementor-element elementor-element-06d3967 elementor-widget elementor-widget-text-editor\" data-id=\"06d3967\" data-element_type=\"widget\" data-e-type=\"widget\" data-widget_type=\"text-editor.default\">\n\t\t\t\t<div class=\"elementor-widget-container\">\n\t\t\t\t\t\t\t\t\t<p>Con una infraestructura avanzada y un equipo de expertos, nos destacamos entre las empresas de <b>blindaje en Ecuador<\/b>, ofreciendo <b>blindaje de carros en Guayaquil y Quito<\/b> con un enfoque en la innovaci\u00f3n y la transparencia.<\/p><p>Nuestros procesos aseguran una intervenci\u00f3n m\u00ednima en la arquitectura e ingenier\u00eda de su veh\u00edculo, entregando resultados excepcionales en solo 20 d\u00edas. Adem\u00e1s, nuestro servicio \u00fanico de auto suplente le permite mantener su movilidad mientras blindamos su veh\u00edculo. Ya sea un Toyota blindado o cualquier otro modelo, garantizamos un servicio de blindaje Ecuador sin igual.<\/p>\t\t\t\t\t\t\t\t<\/div>\n\t\t\t\t<\/div>\n\t\t\t\t\t<\/div>\n\t\t\t\t<\/div>\n\t\t<div class=\"elementor-element elementor-element-3c04d7d e-flex e-con-boxed e-con e-parent\" data-id=\"3c04d7d\" data-element_type=\"container\" data-e-type=\"container\" data-settings=\"{&quot;background_background&quot;:&quot;classic&quot;}\">\n\t\t\t\t\t<div class=\"e-con-inner\">\n\t\t\t\t<div class=\"elementor-element elementor-element-013cbed elementor-widget elementor-widget-heading\" data-id=\"013cbed\" data-element_type=\"widget\" data-e-type=\"widget\" data-widget_type=\"heading.default\">\n\t\t\t\t<div class=\"elementor-widget-container\">\n\t\t\t\t\t<span class=\"elementor-heading-title elementor-size-default\">Descarga<\/span>\t\t\t\t<\/div>\n\t\t\t\t<\/div>\n\t\t\t\t<div class=\"elementor-element elementor-element-b17c4d1 elementor-widget elementor-widget-heading\" data-id=\"b17c4d1\" data-element_type=\"widget\" data-e-type=\"widget\" data-widget_type=\"heading.default\">\n\t\t\t\t<div class=\"elementor-widget-container\">\n\t\t\t\t\t<span class=\"elementor-heading-title elementor-size-default\">Nuestra carta PDF de presentaci\u00f3n<\/span>\t\t\t\t<\/div>\n\t\t\t\t<\/div>\n\t\t\t\t<div class=\"elementor-element elementor-element-685421f elementor-align-center pulsew elementor-widget elementor-widget-button\" data-id=\"685421f\" data-element_type=\"widget\" data-e-type=\"widget\" data-widget_type=\"button.default\">\n\t\t\t\t<div class=\"elementor-widget-container\">\n\t\t\t\t\t\t\t\t\t<div class=\"elementor-button-wrapper\">\n\t\t\t\t\t<a class=\"elementor-button elementor-button-link elementor-size-sm\" href=\"https:\/\/www.carmaxrentacar.com\/guayaquil\/wp-content\/uploads\/2024\/02\/carmax-universal-copy.pdf\" target=\"_blank\" rel=\"nofollow\">\n\t\t\t\t\t\t<span class=\"elementor-button-content-wrapper\">\n\t\t\t\t\t\t<span class=\"elementor-button-icon\">\n\t\t\t\t<i aria-hidden=\"true\" class=\"fas fa-cloud-download-alt\"><\/i>\t\t\t<\/span>\n\t\t\t\t\t\t\t\t\t<span class=\"elementor-button-text\">Presentaci\u00f3n.PDF<\/span>\n\t\t\t\t\t<\/span>\n\t\t\t\t\t<\/a>\n\t\t\t\t<\/div>\n\t\t\t\t\t\t\t\t<\/div>\n\t\t\t\t<\/div>\n\t\t\t\t\t<\/div>\n\t\t\t\t<\/div>\n\t\t<div class=\"elementor-element elementor-element-531d709 e-flex e-con-boxed e-con e-parent\" data-id=\"531d709\" data-element_type=\"container\" data-e-type=\"container\">\n\t\t\t\t\t<div class=\"e-con-inner\">\n\t\t\t\t<div class=\"elementor-element elementor-element-d9120de elementor-widget elementor-widget-heading\" data-id=\"d9120de\" data-element_type=\"widget\" data-e-type=\"widget\" data-widget_type=\"heading.default\">\n\t\t\t\t<div class=\"elementor-widget-container\">\n\t\t\t\t\t<h5 class=\"elementor-heading-title elementor-size-default\">L\u00e1minas de seguridad <\/h5>\t\t\t\t<\/div>\n\t\t\t\t<\/div>\n\t\t<div class=\"elementor-element elementor-element-bfa7797 e-flex e-con-boxed e-con e-child\" data-id=\"bfa7797\" data-element_type=\"container\" data-e-type=\"container\">\n\t\t\t\t\t<div class=\"e-con-inner\">\n\t\t<div class=\"elementor-element elementor-element-aa0bb64 e-flex e-con-boxed e-con e-child\" data-id=\"aa0bb64\" data-element_type=\"container\" data-e-type=\"container\">\n\t\t\t\t\t<div class=\"e-con-inner\">\n\t\t\t\t<div class=\"elementor-element elementor-element-c2509e9 elementor-widget elementor-widget-image\" data-id=\"c2509e9\" data-element_type=\"widget\" data-e-type=\"widget\" data-widget_type=\"image.default\">\n\t\t\t\t<div class=\"elementor-widget-container\">\n\t\t\t\t\t\t\t\t\t\t\t\t\t\t\t<img loading=\"lazy\" decoding=\"async\" width=\"1200\" height=\"675\" src=\"https:\/\/www.carmaxrentacar.com\/guayaquil\/wp-content\/uploads\/2024\/02\/blindaje-automotriz.jpg\" class=\"attachment-full size-full wp-image-5859\" alt=\"blindaje automotriz\" srcset=\"https:\/\/www.carmaxrentacar.com\/guayaquil\/wp-content\/uploads\/2024\/02\/blindaje-automotriz.jpg 1200w, https:\/\/www.carmaxrentacar.com\/guayaquil\/wp-content\/uploads\/2024\/02\/blindaje-automotriz-300x169.jpg 300w, https:\/\/www.carmaxrentacar.com\/guayaquil\/wp-content\/uploads\/2024\/02\/blindaje-automotriz-1024x576.jpg 1024w, https:\/\/www.carmaxrentacar.com\/guayaquil\/wp-content\/uploads\/2024\/02\/blindaje-automotriz-768x432.jpg 768w\" sizes=\"(max-width: 1200px) 100vw, 1200px\" title=\"\">\t\t\t\t\t\t\t\t\t\t\t\t\t\t\t<\/div>\n\t\t\t\t<\/div>\n\t\t\t\t\t<\/div>\n\t\t\t\t<\/div>\n\t\t<div class=\"elementor-element elementor-element-cde1003 e-flex e-con-boxed e-con e-child\" data-id=\"cde1003\" data-element_type=\"container\" data-e-type=\"container\">\n\t\t\t\t\t<div class=\"e-con-inner\">\n\t\t\t\t<div class=\"elementor-element elementor-element-851708b elementor-widget elementor-widget-image\" data-id=\"851708b\" data-element_type=\"widget\" data-e-type=\"widget\" data-widget_type=\"image.default\">\n\t\t\t\t<div class=\"elementor-widget-container\">\n\t\t\t\t\t\t\t\t\t\t\t\t\t\t\t<img loading=\"lazy\" decoding=\"async\" width=\"1200\" height=\"675\" src=\"https:\/\/www.carmaxrentacar.com\/guayaquil\/wp-content\/uploads\/2024\/02\/niveles.jpg\" class=\"attachment-full size-full wp-image-5885\" alt=\"blindaje de carros\" srcset=\"https:\/\/www.carmaxrentacar.com\/guayaquil\/wp-content\/uploads\/2024\/02\/niveles.jpg 1200w, https:\/\/www.carmaxrentacar.com\/guayaquil\/wp-content\/uploads\/2024\/02\/niveles-300x169.jpg 300w, https:\/\/www.carmaxrentacar.com\/guayaquil\/wp-content\/uploads\/2024\/02\/niveles-1024x576.jpg 1024w, https:\/\/www.carmaxrentacar.com\/guayaquil\/wp-content\/uploads\/2024\/02\/niveles-768x432.jpg 768w\" sizes=\"(max-width: 1200px) 100vw, 1200px\" title=\"\">\t\t\t\t\t\t\t\t\t\t\t\t\t\t\t<\/div>\n\t\t\t\t<\/div>\n\t\t\t\t\t<\/div>\n\t\t\t\t<\/div>\n\t\t\t\t\t<\/div>\n\t\t\t\t<\/div>\n\t\t\t\t<div class=\"elementor-element elementor-element-b289155 elementor-widget elementor-widget-text-editor\" data-id=\"b289155\" data-element_type=\"widget\" data-e-type=\"widget\" data-widget_type=\"text-editor.default\">\n\t\t\t\t<div class=\"elementor-widget-container\">\n\t\t\t\t\t\t\t\t\t<p>Para quienes valoran la seguridad por encima de todo, ofrecemos blindaje de autos, l\u00e1minas de seguridad y vidrios blindados para autos en Ecuador a nivel <b>personal, ejecutivo y defensa<\/b> (gubernamental) a precios sin competencia. Nuestro compromiso con la calidad y la satisfacci\u00f3n del cliente nos posiciona como<b> l\u00edderes en blindaje Guayaquil y blindaje Quito<\/b>.\u00a0<\/p><p>No comprometa su seguridad ni la de su familia; elija nuestra experiencia probada y tecnolog\u00eda de vanguardia para una protecci\u00f3n insuperable.<\/p>\t\t\t\t\t\t\t\t<\/div>\n\t\t\t\t<\/div>\n\t\t\t\t\t<\/div>\n\t\t\t\t<\/div>\n\t\t<div class=\"elementor-element elementor-element-5cf1676 e-flex e-con-boxed e-con e-parent\" data-id=\"5cf1676\" data-element_type=\"container\" data-e-type=\"container\" data-settings=\"{&quot;background_background&quot;:&quot;classic&quot;}\">\n\t\t\t\t\t<div class=\"e-con-inner\">\n\t\t\t\t<div class=\"elementor-element elementor-element-8fee4d3 elementor-widget elementor-widget-heading\" data-id=\"8fee4d3\" data-element_type=\"widget\" data-e-type=\"widget\" data-widget_type=\"heading.default\">\n\t\t\t\t<div class=\"elementor-widget-container\">\n\t\t\t\t\t<span class=\"elementor-heading-title elementor-size-default\">\u00a1Act\u00faa Ahora para M\u00e1xima Seguridad! <\/span>\t\t\t\t<\/div>\n\t\t\t\t<\/div>\n\t\t\t\t<div class=\"elementor-element elementor-element-c0ad6c2 elementor-widget elementor-widget-heading\" data-id=\"c0ad6c2\" data-element_type=\"widget\" data-e-type=\"widget\" data-widget_type=\"heading.default\">\n\t\t\t\t<div class=\"elementor-widget-container\">\n\t\t\t\t\t<span class=\"elementor-heading-title elementor-size-default\">No dejes pasar otro d\u00eda preocup\u00e1ndote por tu seguridad y la de tus seres queridos. <\/span>\t\t\t\t<\/div>\n\t\t\t\t<\/div>\n\t\t\t\t<div class=\"elementor-element elementor-element-544bb9d elementor-align-center pulsew elementor-widget elementor-widget-button\" data-id=\"544bb9d\" data-element_type=\"widget\" data-e-type=\"widget\" data-widget_type=\"button.default\">\n\t\t\t\t<div class=\"elementor-widget-container\">\n\t\t\t\t\t\t\t\t\t<div class=\"elementor-button-wrapper\">\n\t\t\t\t\t<a class=\"elementor-button elementor-button-link elementor-size-sm\" href=\"https:\/\/bit.ly\/3VORNm2\" target=\"_blank\" rel=\"nofollow noopener\">\n\t\t\t\t\t\t<span class=\"elementor-button-content-wrapper\">\n\t\t\t\t\t\t<span class=\"elementor-button-icon\">\n\t\t\t\t<i aria-hidden=\"true\" class=\"fab fa-whatsapp\"><\/i>\t\t\t<\/span>\n\t\t\t\t\t\t\t\t\t<span class=\"elementor-button-text\">Contacta por WhatsApp<\/span>\n\t\t\t\t\t<\/span>\n\t\t\t\t\t<\/a>\n\t\t\t\t<\/div>\n\t\t\t\t\t\t\t\t<\/div>\n\t\t\t\t<\/div>\n\t\t\t\t\t<\/div>\n\t\t\t\t<\/div>\n\t\t<div class=\"elementor-element elementor-element-2a63692 e-flex e-con-boxed e-con e-parent\" data-id=\"2a63692\" data-element_type=\"container\" data-e-type=\"container\">\n\t\t\t\t\t<div class=\"e-con-inner\">\n\t\t\t\t<div class=\"elementor-element elementor-element-ef01fce elementor-widget elementor-widget-heading\" data-id=\"ef01fce\" data-element_type=\"widget\" data-e-type=\"widget\" data-widget_type=\"heading.default\">\n\t\t\t\t<div class=\"elementor-widget-container\">\n\t\t\t\t\t<h6 class=\"elementor-heading-title elementor-size-default\">Blindaje Automotriz Ecuador<\/h6>\t\t\t\t<\/div>\n\t\t\t\t<\/div>\n\t\t\t\t<div class=\"elementor-element elementor-element-7dafc3f elementor-widget elementor-widget-video\" data-id=\"7dafc3f\" data-element_type=\"widget\" data-e-type=\"widget\" data-settings=\"{&quot;youtube_url&quot;:&quot;https:\\\/\\\/www.youtube.com\\\/watch?v=XwAElSgf3oI&quot;,&quot;video_type&quot;:&quot;youtube&quot;,&quot;controls&quot;:&quot;yes&quot;}\" data-widget_type=\"video.default\">\n\t\t\t\t<div class=\"elementor-widget-container\">\n\t\t\t\t\t\t\t<div class=\"elementor-wrapper elementor-open-inline\">\n\t\t\t<div class=\"elementor-video\"><\/div>\t\t<\/div>\n\t\t\t\t\t\t<\/div>\n\t\t\t\t<\/div>\n\t\t\t\t\t<\/div>\n\t\t\t\t<\/div>\n\t\t<div class=\"elementor-element elementor-element-743028d e-flex e-con-boxed e-con e-parent\" data-id=\"743028d\" data-element_type=\"container\" data-e-type=\"container\">\n\t\t\t\t\t<div class=\"e-con-inner\">\n\t\t\t\t<div class=\"elementor-element elementor-element-36c51d4 elementor-align-center pulsew elementor-widget elementor-widget-button\" data-id=\"36c51d4\" data-element_type=\"widget\" data-e-type=\"widget\" data-widget_type=\"button.default\">\n\t\t\t\t<div class=\"elementor-widget-container\">\n\t\t\t\t\t\t\t\t\t<div class=\"elementor-button-wrapper\">\n\t\t\t\t\t<a class=\"elementor-button elementor-button-link elementor-size-sm elementor-animation-pop\" href=\"https:\/\/bit.ly\/3VORNm2\" target=\"_blank\" rel=\"nofollow noopener\">\n\t\t\t\t\t\t<span class=\"elementor-button-content-wrapper\">\n\t\t\t\t\t\t<span class=\"elementor-button-icon\">\n\t\t\t\t<i aria-hidden=\"true\" class=\"fab fa-whatsapp\"><\/i>\t\t\t<\/span>\n\t\t\t\t\t\t\t\t\t<span class=\"elementor-button-text\">Chat Ahora<\/span>\n\t\t\t\t\t<\/span>\n\t\t\t\t\t<\/a>\n\t\t\t\t<\/div>\n\t\t\t\t\t\t\t\t<\/div>\n\t\t\t\t<\/div>\n\t\t\t\t\t<\/div>\n\t\t\t\t<\/div>\n\t\t\t\t<\/div>\n\t\t","protected":false},"excerpt":{"rendered":"<p>empresas de blindaje en ecuador Nuestra firma lidera el mercado de la seguridad vehicular, especializada en la protecci\u00f3n integral de veh\u00edculos mediante el blindaje de carros y la instalaci\u00f3n de vidrios de seguridad. Con una trayectoria rica en conocimiento y experiencia colombiana que supera las dos d\u00e9cadas, hemos forjado una reputaci\u00f3n de excelencia en el [&hellip;]<\/p>\n","protected":false},"author":1,"featured_media":0,"parent":0,"menu_order":0,"comment_status":"closed","ping_status":"closed","template":"elementor_canvas","meta":{"footnotes":""},"class_list":["post-5845","page","type-page","status-publish","hentry","wpbf-post"],"_links":{"self":[{"href":"https:\/\/www.carmaxrentacar.com\/guayaquil\/wp-json\/wp\/v2\/pages\/5845","targetHints":{"allow":["GET"]}}],"collection":[{"href":"https:\/\/www.carmaxrentacar.com\/guayaquil\/wp-json\/wp\/v2\/pages"}],"about":[{"href":"https:\/\/www.carmaxrentacar.com\/guayaquil\/wp-json\/wp\/v2\/types\/page"}],"author":[{"embeddable":true,"href":"https:\/\/www.carmaxrentacar.com\/guayaquil\/wp-json\/wp\/v2\/users\/1"}],"replies":[{"embeddable":true,"href":"https:\/\/www.carmaxrentacar.com\/guayaquil\/wp-json\/wp\/v2\/comments?post=5845"}],"version-history":[{"count":0,"href":"https:\/\/www.carmaxrentacar.com\/guayaquil\/wp-json\/wp\/v2\/pages\/5845\/revisions"}],"wp:attachment":[{"href":"https:\/\/www.carmaxrentacar.com\/guayaquil\/wp-json\/wp\/v2\/media?parent=5845"}],"curies":[{"name":"wp","href":"https:\/\/api.w.org\/{rel}","templated":true}]}}