{"id":464,"date":"2018-02-20T00:34:13","date_gmt":"2018-02-20T05:34:13","guid":{"rendered":"https:\/\/www.carmaxrentacar.com\/guayaquil\/?page_id=464"},"modified":"2021-07-02T20:21:10","modified_gmt":"2021-07-03T01:21:10","slug":"faq","status":"publish","type":"page","link":"https:\/\/www.carmaxrentacar.com\/guayaquil\/faq.html","title":{"rendered":"faq"},"content":{"rendered":"\t\t<div data-elementor-type=\"wp-post\" data-elementor-id=\"464\" class=\"elementor elementor-464 elementor-bc-flex-widget\" data-elementor-post-type=\"page\">\n\t\t\t\t\t\t<section class=\"elementor-section elementor-top-section elementor-element elementor-element-e57a819 elementor-section-boxed elementor-section-height-default elementor-section-height-default\" data-id=\"e57a819\" data-element_type=\"section\" data-e-type=\"section\">\n\t\t\t\t\t\t<div class=\"elementor-container elementor-column-gap-default\">\n\t\t\t\t\t<div class=\"elementor-column elementor-col-100 elementor-top-column elementor-element elementor-element-3878addf\" data-id=\"3878addf\" data-element_type=\"column\" data-e-type=\"column\">\n\t\t\t<div class=\"elementor-widget-wrap elementor-element-populated\">\n\t\t\t\t\t\t<div class=\"elementor-element elementor-element-31069877 elementor-widget elementor-widget-heading\" data-id=\"31069877\" data-element_type=\"widget\" data-e-type=\"widget\" data-widget_type=\"heading.default\">\n\t\t\t\t<div class=\"elementor-widget-container\">\n\t\t\t\t\t<h1 class=\"elementor-heading-title elementor-size-default\">Preguntas frecuentes<\/h1>\t\t\t\t<\/div>\n\t\t\t\t<\/div>\n\t\t\t\t\t<\/div>\n\t\t<\/div>\n\t\t\t\t\t<\/div>\n\t\t<\/section>\n\t\t\t\t<section class=\"elementor-section elementor-top-section elementor-element elementor-element-4ae2e188 elementor-section-boxed elementor-section-height-default elementor-section-height-default\" data-id=\"4ae2e188\" data-element_type=\"section\" data-e-type=\"section\">\n\t\t\t\t\t\t<div class=\"elementor-container elementor-column-gap-default\">\n\t\t\t\t\t<div class=\"elementor-column elementor-col-50 elementor-top-column elementor-element elementor-element-480d027c\" data-id=\"480d027c\" data-element_type=\"column\" data-e-type=\"column\">\n\t\t\t<div class=\"elementor-widget-wrap elementor-element-populated\">\n\t\t\t\t\t\t<div class=\"elementor-element elementor-element-c64bca0 elementor-widget elementor-widget-heading\" data-id=\"c64bca0\" data-element_type=\"widget\" data-e-type=\"widget\" data-widget_type=\"heading.default\">\n\t\t\t\t<div class=\"elementor-widget-container\">\n\t\t\t\t\t<h2 class=\"elementor-heading-title elementor-size-default\">Respuestas por Ventas Carmax Rent a Car<\/h2>\t\t\t\t<\/div>\n\t\t\t\t<\/div>\n\t\t\t\t<div class=\"elementor-element elementor-element-d2f0f58 elementor-widget elementor-widget-text-editor\" data-id=\"d2f0f58\" data-element_type=\"widget\" data-e-type=\"widget\" data-widget_type=\"text-editor.default\">\n\t\t\t\t<div class=\"elementor-widget-container\">\n\t\t\t\t\t\t\t\t\t<ol><li><strong>\u00bfQu\u00e9 precio tienen los carros?<\/strong><\/li><\/ol><p>-Depende del carro que se requiere. Nuestros precios var\u00edan desde $ 40 a $ 120 por d\u00eda m\u00e1s impuestos y seguro incluido. Ahora tenemos promociones.<\/p><p><strong>\u00bfHay descuentos o promociones?<\/strong><\/p><p>-Contamos con promociones y descuentos especiales por mas de 5 d\u00edas de alquiler en todas las categorias.<\/p><p><strong>\u00bfQu\u00e9 modelos de carro tienen?<\/strong><\/p><p>-Tenemos Autos sedan, SUV mecanicos o Automaticos, Camionetas Doble cabina, Vans o furgonetas.<\/p><p><strong>\u00bfQu\u00e9 necesito para alquilar un carro?<\/strong><\/p><p>-Se necesita una tarjeta de cr\u00e9dito con un cupo $ 1.500 para autos y $ 2.000 para SUV y una licencia de conducir y c\u00e9dula de identidad o pasaporte.<\/p><p><b>\u00bfQu\u00e9 edad debo tener para alquilar un coche?<\/b><\/p><p>El conductor principal debe ser mayor de 21 a\u00f1os.<\/p><p><b>\u00bfPuedo reservar un coche para otra persona?<\/b><\/p><p>S\u00ed, siempre y cuando dicha persona cumpla con estos requisitos solicitados por la compa\u00f1\u00eda y el conductor tenga una licencia vigente.<\/p><p><b>\u00bfC\u00f3mo puedo encontrar las mejores ofertas en coches de alquiler?<\/b><\/p><p>La b\u00fasqueda deber\u00e1s realizarla con tiempo, esto te permitir\u00e1 negociar una mejor tarifa conveniente para tu econom\u00eda. Consultar siempre en dos o tres empresas de alquiler de autos, antes de tomar una decisi\u00f3n.<\/p><p>\u00a0<\/p><p><strong>\u00bfC\u00f3mo hago para hacer una reservaci\u00f3n?<\/strong><\/p><p>Se puede reservar por correo electronico a carmaxsuites@gmail.com o a los tel\u00e9fonos 2924058 &#8211; 2924995, la informaci\u00f3n que debe facilitarnos es:<\/p><p>1. Su nombre y apellido<\/p><p>2. Correo electr\u00f3nico y numero de tel\u00e9fono<\/p><p>3. Tipo de veh\u00edculo y fecha en la que lo desea rentar<\/p><p><strong>\u00bfEs PayPal seguro?<\/strong><\/p><p>&#8211; Es aun mas seguro pagar con PayPal que pagar con los medios tradicionales como giros del exterior o depositar en una cuenta corriente.<br \/>Porque PayPal actua como un intermediario y si hay un problema con la transacci\u00f3n puede reclamarlo y recibir su dinero devuelta.<\/p>\t\t\t\t\t\t\t\t<\/div>\n\t\t\t\t<\/div>\n\t\t\t\t\t<\/div>\n\t\t<\/div>\n\t\t\t\t<div class=\"elementor-column elementor-col-50 elementor-top-column elementor-element elementor-element-535cc02d\" data-id=\"535cc02d\" data-element_type=\"column\" data-e-type=\"column\">\n\t\t\t<div class=\"elementor-widget-wrap elementor-element-populated\">\n\t\t\t\t\t\t<div class=\"elementor-element elementor-element-f641ad6 elementor-widget elementor-widget-text-editor\" data-id=\"f641ad6\" data-element_type=\"widget\" data-e-type=\"widget\" data-widget_type=\"text-editor.default\">\n\t\t\t\t<div class=\"elementor-widget-container\">\n\t\t\t\t\t\t\t\t\t<p><strong>\u00bfTienen carros autom\u00e1ticos?<\/strong><\/p><p>-Somos especialistas con una amplia flota de veh\u00edculos autom\u00e1ticos.<\/p><p><strong>\u00bfKilometraje ilimitado?<\/strong><\/p><p>-Por supuesto todos los veh\u00edculos con alquiler de m\u00e1s de 3 d\u00edas son kilometraje libre<\/p><p><strong>\u00bfPuedo dejar en otra parte de Ecuador?<\/strong><\/p><p>-S\u00ed, por un costo adicional.<\/p><p><strong>\u00bfPuedo cancelar con tarjeta de cr\u00e9dito?<\/strong><\/p><p>&#8211; S\u00ed, Aceptamos todas las tarjetas de cr\u00e9dito.<\/p><p><strong>\u00bfPuedo cancelar con otra forma de pago?<\/strong><\/p><p>-Si, puede cancelar con deposito bancario o PayPal<\/p><p><strong>\u00bfQu\u00e9 seguro tienen?<\/strong><\/p><p>-El seguro b\u00e1sico que manejan todas las empresas aqu\u00ed en Ecuador.<\/p><p><b>\u00bfEst\u00e1n todos los impuestos incluidos en el precio del alquiler?<br \/><\/b><\/p><p>Asegurate de recibir un correo electr\u00f3nico con todas las especificaciones de tu alquiler, esto permitir\u00e1 conocer si est\u00e1n incluido todos los impuestos o si hay valores adicionales a cancelar.<\/p><p><strong>\u00bfQui\u00e9n me va a recoger del aeropuerto?<\/strong><\/p><p>-La persona con la que hizo el contacto y la reserva se encarga de coordinar su traslado del aeropuerto a nuestras oficinas.<\/p><p><strong>\u00bfHay que dejar una garant\u00eda?<\/strong><\/p><p>-Como con todas las rentadoras aqu\u00ed en Ecuador, hay que dejar un voucher que muestra que tiene cupo disponible en su tarjeta de cr\u00e9dito. La cantidad varia con el tama\u00f1o del veh\u00edculo.<\/p>\t\t\t\t\t\t\t\t<\/div>\n\t\t\t\t<\/div>\n\t\t\t\t<div class=\"elementor-element elementor-element-c1de5eb elementor-widget elementor-widget-text-editor\" data-id=\"c1de5eb\" data-element_type=\"widget\" data-e-type=\"widget\" data-widget_type=\"text-editor.default\">\n\t\t\t\t<div class=\"elementor-widget-container\">\n\t\t\t\t\t\t\t\t\t<p>[widget id=\u00bbcustom_html-7&#8243;]<\/p>\t\t\t\t\t\t\t\t<\/div>\n\t\t\t\t<\/div>\n\t\t\t\t\t<\/div>\n\t\t<\/div>\n\t\t\t\t\t<\/div>\n\t\t<\/section>\n\t\t\t\t<section class=\"elementor-section elementor-top-section elementor-element elementor-element-c2862b4 elementor-section-boxed elementor-section-height-default elementor-section-height-default\" data-id=\"c2862b4\" data-element_type=\"section\" data-e-type=\"section\">\n\t\t\t\t\t\t<div class=\"elementor-container elementor-column-gap-default\">\n\t\t\t\t\t<div class=\"elementor-column elementor-col-100 elementor-top-column elementor-element elementor-element-a3b1907\" data-id=\"a3b1907\" data-element_type=\"column\" data-e-type=\"column\">\n\t\t\t<div class=\"elementor-widget-wrap elementor-element-populated\">\n\t\t\t\t\t\t<div class=\"elementor-element elementor-element-245205d elementor-widget-divider--view-line elementor-widget elementor-widget-divider\" data-id=\"245205d\" data-element_type=\"widget\" data-e-type=\"widget\" data-widget_type=\"divider.default\">\n\t\t\t\t<div class=\"elementor-widget-container\">\n\t\t\t\t\t\t\t<div class=\"elementor-divider\">\n\t\t\t<span class=\"elementor-divider-separator\">\n\t\t\t\t\t\t<\/span>\n\t\t<\/div>\n\t\t\t\t\t\t<\/div>\n\t\t\t\t<\/div>\n\t\t\t\t\t<\/div>\n\t\t<\/div>\n\t\t\t\t\t<\/div>\n\t\t<\/section>\n\t\t\t\t<section class=\"elementor-section elementor-top-section elementor-element elementor-element-5fc3a57d elementor-section-boxed elementor-section-height-default elementor-section-height-default\" data-id=\"5fc3a57d\" data-element_type=\"section\" data-e-type=\"section\">\n\t\t\t\t\t\t<div class=\"elementor-container elementor-column-gap-default\">\n\t\t\t\t\t<div class=\"elementor-column elementor-col-100 elementor-top-column elementor-element elementor-element-75a48f7d\" data-id=\"75a48f7d\" data-element_type=\"column\" data-e-type=\"column\">\n\t\t\t<div class=\"elementor-widget-wrap elementor-element-populated\">\n\t\t\t\t\t\t<div class=\"elementor-element elementor-element-6ac76c67 elementor-widget elementor-widget-heading\" data-id=\"6ac76c67\" data-element_type=\"widget\" data-e-type=\"widget\" data-widget_type=\"heading.default\">\n\t\t\t\t<div class=\"elementor-widget-container\">\n\t\t\t\t\t<h1 class=\"elementor-heading-title elementor-size-default\">Chevrolet Vitara SZ Autom\u00e1tico<\/h1>\t\t\t\t<\/div>\n\t\t\t\t<\/div>\n\t\t\t\t\t<\/div>\n\t\t<\/div>\n\t\t\t\t\t<\/div>\n\t\t<\/section>\n\t\t\t\t<section class=\"elementor-section elementor-top-section elementor-element elementor-element-493ef165 elementor-section-boxed elementor-section-height-default elementor-section-height-default\" data-id=\"493ef165\" data-element_type=\"section\" data-e-type=\"section\">\n\t\t\t\t\t\t<div class=\"elementor-container elementor-column-gap-default\">\n\t\t\t\t\t<div class=\"elementor-column elementor-col-50 elementor-top-column elementor-element elementor-element-5b141336 elementor-invisible\" data-id=\"5b141336\" data-element_type=\"column\" data-e-type=\"column\" data-settings=\"{&quot;animation&quot;:&quot;fadeInLeft&quot;}\">\n\t\t\t<div class=\"elementor-widget-wrap elementor-element-populated\">\n\t\t\t\t\t\t<div class=\"elementor-element elementor-element-3a257f05 elementor-widget elementor-widget-image\" data-id=\"3a257f05\" data-element_type=\"widget\" data-e-type=\"widget\" data-widget_type=\"image.default\">\n\t\t\t\t<div class=\"elementor-widget-container\">\n\t\t\t\t\t\t\t\t\t\t\t\t<figure class=\"wp-caption\">\n\t\t\t\t\t\t\t\t\t\t\t<a href=\"https:\/\/www.carmaxrentacar.com\/guayaquil\/rent-a-car.html\">\n\t\t\t\t\t\t\t<img decoding=\"async\" src=\"https:\/\/www.carmaxrentacar.com\/guayaquil\/wp-content\/uploads\/2018\/02\/vitara-carmaxrentacar.jpg\" title=\"\" alt=\"\" loading=\"lazy\">\t\t\t\t\t\t\t\t<\/a>\n\t\t\t\t\t\t\t\t\t\t\t<figcaption class=\"widget-image-caption wp-caption-text\">Alquiler de Auto Vitara SZ en Guayaquil Rent a Car<\/figcaption>\n\t\t\t\t\t\t\t\t\t\t<\/figure>\n\t\t\t\t\t\t\t\t\t<\/div>\n\t\t\t\t<\/div>\n\t\t\t\t\t<\/div>\n\t\t<\/div>\n\t\t\t\t<div class=\"elementor-column elementor-col-50 elementor-top-column elementor-element elementor-element-246ed6e7 elementor-invisible\" data-id=\"246ed6e7\" data-element_type=\"column\" data-e-type=\"column\" id=\"big20\" data-settings=\"{&quot;animation&quot;:&quot;fadeInRight&quot;}\">\n\t\t\t<div class=\"elementor-widget-wrap elementor-element-populated\">\n\t\t\t\t\t\t<div class=\"elementor-element elementor-element-501d2e86 elementor-widget elementor-widget-text-editor\" data-id=\"501d2e86\" data-element_type=\"widget\" data-e-type=\"widget\" data-widget_type=\"text-editor.default\">\n\t\t\t\t<div class=\"elementor-widget-container\">\n\t\t\t\t\t\t\t\t\t<p><span style=\"font-weight: 400;\">Experiencias \u00fanicas gracias al desempe\u00f1o y confort del Grand\u00a0Vitara SZ NEXT. Un SUV autom\u00e1tico que posee un dise\u00f1o atractivo y mejoras en la funcionalidad y la seguridad que tu necesitas para viajes a zonas altas.<\/span><\/p><p><span style=\"font-family: 'Open Sans', sans-serif; font-size: 14px; font-style: normal; font-variant-ligatures: normal; font-variant-caps: normal; font-weight: 400;\">[widget id=\u00bbcustom_html-10&#8243;]<\/span><\/p>\t\t\t\t\t\t\t\t<\/div>\n\t\t\t\t<\/div>\n\t\t\t\t<section class=\"elementor-section elementor-inner-section elementor-element elementor-element-7096b0c1 elementor-section-boxed elementor-section-height-default elementor-section-height-default\" data-id=\"7096b0c1\" data-element_type=\"section\" data-e-type=\"section\">\n\t\t\t\t\t\t<div class=\"elementor-container elementor-column-gap-default\">\n\t\t\t\t\t<div class=\"elementor-column elementor-col-50 elementor-inner-column elementor-element elementor-element-60362f1e\" data-id=\"60362f1e\" data-element_type=\"column\" data-e-type=\"column\">\n\t\t\t<div class=\"elementor-widget-wrap elementor-element-populated\">\n\t\t\t\t\t\t<div class=\"elementor-element elementor-element-b7cb52d elementor-button-info elementor-align-left elementor-widget elementor-widget-button\" data-id=\"b7cb52d\" data-element_type=\"widget\" data-e-type=\"widget\" data-widget_type=\"button.default\">\n\t\t\t\t<div class=\"elementor-widget-container\">\n\t\t\t\t\t\t\t\t\t<div class=\"elementor-button-wrapper\">\n\t\t\t\t\t<a class=\"elementor-button elementor-button-link elementor-size-md\" href=\"https:\/\/www.carmaxrentacar.com\/guayaquil\/\">\n\t\t\t\t\t\t<span class=\"elementor-button-content-wrapper\">\n\t\t\t\t\t\t<span class=\"elementor-button-icon\">\n\t\t\t\t\t\t\t\t\t<i class=\"fa fa-angle-left\" aria-hidden=\"true\"><\/i>\n\t\t\t\t\t\t\t<\/span>\n\t\t\t\t\t\t\t\t\t<span class=\"elementor-button-text\">Consultar otros autos<\/span>\n\t\t\t\t\t<\/span>\n\t\t\t\t\t<\/a>\n\t\t\t\t<\/div>\n\t\t\t\t\t\t\t\t<\/div>\n\t\t\t\t<\/div>\n\t\t\t\t\t<\/div>\n\t\t<\/div>\n\t\t\t\t<div class=\"elementor-column elementor-col-50 elementor-inner-column elementor-element elementor-element-48f6706a\" data-id=\"48f6706a\" data-element_type=\"column\" data-e-type=\"column\">\n\t\t\t<div class=\"elementor-widget-wrap elementor-element-populated\">\n\t\t\t\t\t\t<div class=\"elementor-element elementor-element-49571228 elementor-button-warning elementor-align-left elementor-widget elementor-widget-button\" data-id=\"49571228\" data-element_type=\"widget\" data-e-type=\"widget\" data-widget_type=\"button.default\">\n\t\t\t\t<div class=\"elementor-widget-container\">\n\t\t\t\t\t\t\t\t\t<div class=\"elementor-button-wrapper\">\n\t\t\t\t\t<a class=\"elementor-button elementor-button-link elementor-size-md\" href=\"https:\/\/www.carmaxrentacar.com\/guayaquil\/rent-a-car.html\">\n\t\t\t\t\t\t<span class=\"elementor-button-content-wrapper\">\n\t\t\t\t\t\t<span class=\"elementor-button-icon\">\n\t\t\t\t\t\t\t\t\t<i class=\"fa fa-car\" aria-hidden=\"true\"><\/i>\n\t\t\t\t\t\t\t<\/span>\n\t\t\t\t\t\t\t\t\t<span class=\"elementor-button-text\">Consultar Precio<\/span>\n\t\t\t\t\t<\/span>\n\t\t\t\t\t<\/a>\n\t\t\t\t<\/div>\n\t\t\t\t\t\t\t\t<\/div>\n\t\t\t\t<\/div>\n\t\t\t\t\t<\/div>\n\t\t<\/div>\n\t\t\t\t\t<\/div>\n\t\t<\/section>\n\t\t\t\t<div class=\"elementor-element elementor-element-2efba30 elementor-widget elementor-widget-spacer\" data-id=\"2efba30\" data-element_type=\"widget\" data-e-type=\"widget\" data-widget_type=\"spacer.default\">\n\t\t\t\t<div class=\"elementor-widget-container\">\n\t\t\t\t\t\t\t<div class=\"elementor-spacer\">\n\t\t\t<div class=\"elementor-spacer-inner\"><\/div>\n\t\t<\/div>\n\t\t\t\t\t\t<\/div>\n\t\t\t\t<\/div>\n\t\t\t\t\t<\/div>\n\t\t<\/div>\n\t\t\t\t\t<\/div>\n\t\t<\/section>\n\t\t\t\t<\/div>\n\t\t","protected":false},"excerpt":{"rendered":"<p>Preguntas frecuentes Respuestas por Ventas Carmax Rent a Car \u00bfQu\u00e9 precio tienen los carros? -Depende del carro que se requiere. Nuestros precios var\u00edan desde $ 40 a $ 120 por d\u00eda m\u00e1s impuestos y seguro incluido. Ahora tenemos promociones. \u00bfHay descuentos o promociones? -Contamos con promociones y descuentos especiales por mas de 5 d\u00edas de [&hellip;]<\/p>\n","protected":false},"author":1,"featured_media":0,"parent":0,"menu_order":0,"comment_status":"closed","ping_status":"closed","template":"","meta":{"footnotes":""},"class_list":["post-464","page","type-page","status-publish","hentry","wpbf-post"],"_links":{"self":[{"href":"https:\/\/www.carmaxrentacar.com\/guayaquil\/wp-json\/wp\/v2\/pages\/464","targetHints":{"allow":["GET"]}}],"collection":[{"href":"https:\/\/www.carmaxrentacar.com\/guayaquil\/wp-json\/wp\/v2\/pages"}],"about":[{"href":"https:\/\/www.carmaxrentacar.com\/guayaquil\/wp-json\/wp\/v2\/types\/page"}],"author":[{"embeddable":true,"href":"https:\/\/www.carmaxrentacar.com\/guayaquil\/wp-json\/wp\/v2\/users\/1"}],"replies":[{"embeddable":true,"href":"https:\/\/www.carmaxrentacar.com\/guayaquil\/wp-json\/wp\/v2\/comments?post=464"}],"version-history":[{"count":0,"href":"https:\/\/www.carmaxrentacar.com\/guayaquil\/wp-json\/wp\/v2\/pages\/464\/revisions"}],"wp:attachment":[{"href":"https:\/\/www.carmaxrentacar.com\/guayaquil\/wp-json\/wp\/v2\/media?parent=464"}],"curies":[{"name":"wp","href":"https:\/\/api.w.org\/{rel}","templated":true}]}}