{"id":1557,"date":"2018-05-22T10:33:32","date_gmt":"2018-05-22T15:33:32","guid":{"rendered":"https:\/\/www.carmaxrentacar.com\/guayaquil\/?page_id=1557"},"modified":"2018-05-28T15:19:02","modified_gmt":"2018-05-28T20:19:02","slug":"recomendaciones-tramitar-visa-b1-b2","status":"publish","type":"page","link":"https:\/\/www.carmaxrentacar.com\/guayaquil\/recomendaciones-tramitar-visa-b1-b2.html","title":{"rendered":"Recomendaciones para tramitar tu VISA B1 y B2"},"content":{"rendered":"\t\t<div data-elementor-type=\"wp-post\" data-elementor-id=\"1557\" class=\"elementor elementor-1557 elementor-bc-flex-widget\" data-elementor-post-type=\"page\">\n\t\t\t\t\t\t<section class=\"elementor-section elementor-top-section elementor-element elementor-element-93d9218 elementor-section-boxed elementor-section-height-default elementor-section-height-default\" data-id=\"93d9218\" data-element_type=\"section\" data-e-type=\"section\">\n\t\t\t\t\t\t<div class=\"elementor-container elementor-column-gap-default\">\n\t\t\t\t\t<div class=\"elementor-column elementor-col-33 elementor-top-column elementor-element elementor-element-7761103\" data-id=\"7761103\" data-element_type=\"column\" data-e-type=\"column\">\n\t\t\t<div class=\"elementor-widget-wrap elementor-element-populated\">\n\t\t\t\t\t\t<div class=\"elementor-element elementor-element-bea712e elementor-widget elementor-widget-image\" data-id=\"bea712e\" data-element_type=\"widget\" data-e-type=\"widget\" data-widget_type=\"image.default\">\n\t\t\t\t<div class=\"elementor-widget-container\">\n\t\t\t\t\t\t\t\t\t\t\t\t\t\t\t<img decoding=\"async\" src=\"https:\/\/www.carmaxrentacar.com\/guayaquil\/wp-content\/uploads\/2018\/05\/logo.png\" title=\"\" alt=\"\" loading=\"lazy\">\t\t\t\t\t\t\t\t\t\t\t\t\t\t\t<\/div>\n\t\t\t\t<\/div>\n\t\t\t\t\t<\/div>\n\t\t<\/div>\n\t\t\t\t<div class=\"elementor-column elementor-col-33 elementor-top-column elementor-element elementor-element-1cce9c7\" data-id=\"1cce9c7\" data-element_type=\"column\" data-e-type=\"column\">\n\t\t\t<div class=\"elementor-widget-wrap elementor-element-populated\">\n\t\t\t\t\t\t<div class=\"elementor-element elementor-element-4821ae8 elementor-widget elementor-widget-heading\" data-id=\"4821ae8\" data-element_type=\"widget\" data-e-type=\"widget\" data-widget_type=\"heading.default\">\n\t\t\t\t<div class=\"elementor-widget-container\">\n\t\t\t\t\t<h1 class=\"elementor-heading-title elementor-size-default\">Recomendaciones para obtener una visa para Estados Unidos<\/h1>\t\t\t\t<\/div>\n\t\t\t\t<\/div>\n\t\t\t\t<div class=\"elementor-element elementor-element-ac3a1ef elementor-widget elementor-widget-text-editor\" data-id=\"ac3a1ef\" data-element_type=\"widget\" data-e-type=\"widget\" data-widget_type=\"text-editor.default\">\n\t\t\t\t<div class=\"elementor-widget-container\">\n\t\t\t\t\t\t\t\t\t<p>Sigue estas recomendaciones y mejora tus oportunidades de obtener una visa para Estados Unidos<\/p>\t\t\t\t\t\t\t\t<\/div>\n\t\t\t\t<\/div>\n\t\t\t\t\t<\/div>\n\t\t<\/div>\n\t\t\t\t<div class=\"elementor-column elementor-col-33 elementor-top-column elementor-element elementor-element-e92f07e\" data-id=\"e92f07e\" data-element_type=\"column\" data-e-type=\"column\">\n\t\t\t<div class=\"elementor-widget-wrap elementor-element-populated\">\n\t\t\t\t\t\t<div class=\"elementor-element elementor-element-bd2ac4c elementor-widget elementor-widget-image\" data-id=\"bd2ac4c\" data-element_type=\"widget\" data-e-type=\"widget\" data-widget_type=\"image.default\">\n\t\t\t\t<div class=\"elementor-widget-container\">\n\t\t\t\t\t\t\t\t\t\t\t\t\t\t\t<img decoding=\"async\" src=\"https:\/\/www.carmaxrentacar.com\/guayaquil\/wp-content\/uploads\/2018\/05\/ecuador.png\" title=\"\" alt=\"\" loading=\"lazy\">\t\t\t\t\t\t\t\t\t\t\t\t\t\t\t<\/div>\n\t\t\t\t<\/div>\n\t\t\t\t\t<\/div>\n\t\t<\/div>\n\t\t\t\t\t<\/div>\n\t\t<\/section>\n\t\t\t\t<section class=\"elementor-section elementor-top-section elementor-element elementor-element-c65586d elementor-section-boxed elementor-section-height-default elementor-section-height-default\" data-id=\"c65586d\" data-element_type=\"section\" data-e-type=\"section\">\n\t\t\t\t\t\t<div class=\"elementor-container elementor-column-gap-default\">\n\t\t\t\t\t<div class=\"elementor-column elementor-col-50 elementor-top-column elementor-element elementor-element-78d2302\" data-id=\"78d2302\" data-element_type=\"column\" data-e-type=\"column\">\n\t\t\t<div class=\"elementor-widget-wrap elementor-element-populated\">\n\t\t\t\t\t\t<div class=\"elementor-element elementor-element-d3d6c60 elementor-widget elementor-widget-text-editor\" data-id=\"d3d6c60\" data-element_type=\"widget\" data-e-type=\"widget\" data-widget_type=\"text-editor.default\">\n\t\t\t\t<div class=\"elementor-widget-container\">\n\t\t\t\t\t\t\t\t\t<p><b>\u00bfQui\u00e9nes pueden tramitar la visa?<\/b><\/p><ul><li>Cualquier persona puede solicitar una visa B1 para negocios o B2 para turismo.\u2028<\/li><li>El formulario de solicitud debe ser rellenado en l\u00ednea.\u2028<\/li><li>En la mayor\u00eda de casos se requiere entrevista.\u2028<\/li><li>Puede ser utilizada para el turismo, negocios o fines m\u00e9dicos.\u2028<\/li><li>Requerida para la entrada por aire, mar o fronteras terrestres de Estados Unidos.<\/li><li>Se permite el cambio de estatus.\u2028<\/li><li>Validez: 1-10 a\u00f1os.<\/li><\/ul>\t\t\t\t\t\t\t\t<\/div>\n\t\t\t\t<\/div>\n\t\t\t\t\t<\/div>\n\t\t<\/div>\n\t\t\t\t<div class=\"elementor-column elementor-col-50 elementor-top-column elementor-element elementor-element-f9b2861\" data-id=\"f9b2861\" data-element_type=\"column\" data-e-type=\"column\">\n\t\t\t<div class=\"elementor-widget-wrap elementor-element-populated\">\n\t\t\t\t\t\t<div class=\"elementor-element elementor-element-fd01f7a elementor-widget elementor-widget-image\" data-id=\"fd01f7a\" data-element_type=\"widget\" data-e-type=\"widget\" data-widget_type=\"image.default\">\n\t\t\t\t<div class=\"elementor-widget-container\">\n\t\t\t\t\t\t\t\t\t\t\t\t\t\t\t<img decoding=\"async\" src=\"https:\/\/www.carmaxrentacar.com\/guayaquil\/wp-content\/uploads\/2018\/05\/Si-quieres-la-visa-americana-no-publique-esto-en-las-redes.jpg\" title=\"\" alt=\"\" loading=\"lazy\">\t\t\t\t\t\t\t\t\t\t\t\t\t\t\t<\/div>\n\t\t\t\t<\/div>\n\t\t\t\t\t<\/div>\n\t\t<\/div>\n\t\t\t\t\t<\/div>\n\t\t<\/section>\n\t\t\t\t<section class=\"elementor-section elementor-top-section elementor-element elementor-element-1505896 elementor-section-boxed elementor-section-height-default elementor-section-height-default\" data-id=\"1505896\" data-element_type=\"section\" data-e-type=\"section\" data-settings=\"{&quot;background_background&quot;:&quot;classic&quot;}\">\n\t\t\t\t\t\t<div class=\"elementor-container elementor-column-gap-default\">\n\t\t\t\t\t<div class=\"elementor-column elementor-col-50 elementor-top-column elementor-element elementor-element-9347c22\" data-id=\"9347c22\" data-element_type=\"column\" data-e-type=\"column\">\n\t\t\t<div class=\"elementor-widget-wrap elementor-element-populated\">\n\t\t\t\t\t\t<div class=\"elementor-element elementor-element-002a3ac elementor-widget elementor-widget-heading\" data-id=\"002a3ac\" data-element_type=\"widget\" data-e-type=\"widget\" data-widget_type=\"heading.default\">\n\t\t\t\t<div class=\"elementor-widget-container\">\n\t\t\t\t\t<h2 class=\"elementor-heading-title elementor-size-default\">Debes considerar que:<\/h2>\t\t\t\t<\/div>\n\t\t\t\t<\/div>\n\t\t\t\t<div class=\"elementor-element elementor-element-075d5b0 elementor-widget elementor-widget-text-editor\" data-id=\"075d5b0\" data-element_type=\"widget\" data-e-type=\"widget\" data-widget_type=\"text-editor.default\">\n\t\t\t\t<div class=\"elementor-widget-container\">\n\t\t\t\t\t\t\t\t\t<p><strong>El factor clave, y el mas decisivo es que el viajero debe demostrar sus intenciones claras de retornar al pa\u00eds de origen:<\/strong><\/p><p>\u2013 Debe garantizar que en su pa\u00eds existen fuertes v\u00ednculos emocionales.<\/p><p>\u2013 Debe indicar que tiene un trabajo estable.<\/p><p>\u2013 Debe garantizar que sus ingresos econ\u00f3micos son equivalentes al trabajo que realiza.<\/p><p>\u2013 Un plus para acceder a la visa es estar vinculado a un programa de estudio presencial.<\/p>\t\t\t\t\t\t\t\t<\/div>\n\t\t\t\t<\/div>\n\t\t\t\t\t<\/div>\n\t\t<\/div>\n\t\t\t\t<div class=\"elementor-column elementor-col-50 elementor-top-column elementor-element elementor-element-dd7a10c\" data-id=\"dd7a10c\" data-element_type=\"column\" data-e-type=\"column\">\n\t\t\t<div class=\"elementor-widget-wrap elementor-element-populated\">\n\t\t\t\t\t\t<div class=\"elementor-element elementor-element-a6ed13f elementor-widget elementor-widget-heading\" data-id=\"a6ed13f\" data-element_type=\"widget\" data-e-type=\"widget\" data-widget_type=\"heading.default\">\n\t\t\t\t<div class=\"elementor-widget-container\">\n\t\t\t\t\t<h2 class=\"elementor-heading-title elementor-size-default\">Llenar el formulario de No Inmigraci\u00f3n DS160 <\/h2>\t\t\t\t<\/div>\n\t\t\t\t<\/div>\n\t\t\t\t<div class=\"elementor-element elementor-element-e880fe3 elementor-widget elementor-widget-text-editor\" data-id=\"e880fe3\" data-element_type=\"widget\" data-e-type=\"widget\" data-widget_type=\"text-editor.default\">\n\t\t\t\t<div class=\"elementor-widget-container\">\n\t\t\t\t\t\t\t\t\t<p>\u2013 Esta documentaci\u00f3n se tramita electr\u00f3nicamente y es por ello que debe tener todos documentos que respalden sus afirmaciones; ya que aqu\u00ed se trata toda la informaci\u00f3n de car\u00e1cter familiar, laboral, econ\u00f3mica, profesional y los motivos del viaje.<\/p><p>\u2013 Debe respaldar su nivel acad\u00e9mico, conjunto a su trabajo, todo esto debe ser equivalente a sus ingresos; es decir que es improbable que su nivel acad\u00e9mico sea bajo y tenga ingresos muy elevados, o viceversa.<\/p><p><\/p>\t\t\t\t\t\t\t\t<\/div>\n\t\t\t\t<\/div>\n\t\t\t\t\t<\/div>\n\t\t<\/div>\n\t\t\t\t\t<\/div>\n\t\t<\/section>\n\t\t\t\t<section class=\"elementor-section elementor-top-section elementor-element elementor-element-1a06a2c elementor-section-boxed elementor-section-height-default elementor-section-height-default\" data-id=\"1a06a2c\" data-element_type=\"section\" data-e-type=\"section\">\n\t\t\t\t\t\t<div class=\"elementor-container elementor-column-gap-default\">\n\t\t\t\t\t<div class=\"elementor-column elementor-col-100 elementor-top-column elementor-element elementor-element-362b459\" data-id=\"362b459\" data-element_type=\"column\" data-e-type=\"column\">\n\t\t\t<div class=\"elementor-widget-wrap elementor-element-populated\">\n\t\t\t\t\t\t<div class=\"elementor-element elementor-element-dcf9e90 elementor-widget elementor-widget-heading\" data-id=\"dcf9e90\" data-element_type=\"widget\" data-e-type=\"widget\" data-widget_type=\"heading.default\">\n\t\t\t\t<div class=\"elementor-widget-container\">\n\t\t\t\t\t<h2 class=\"elementor-heading-title elementor-size-default\">La Entrevista es la parte m\u00e1s importante de la adquisici\u00f3n de visa<\/h2>\t\t\t\t<\/div>\n\t\t\t\t<\/div>\n\t\t\t\t<section class=\"elementor-section elementor-inner-section elementor-element elementor-element-2feca46 elementor-section-boxed elementor-section-height-default elementor-section-height-default\" data-id=\"2feca46\" data-element_type=\"section\" data-e-type=\"section\">\n\t\t\t\t\t\t<div class=\"elementor-container elementor-column-gap-default\">\n\t\t\t\t\t<div class=\"elementor-column elementor-col-50 elementor-inner-column elementor-element elementor-element-cfba2e8\" data-id=\"cfba2e8\" data-element_type=\"column\" data-e-type=\"column\">\n\t\t\t<div class=\"elementor-widget-wrap elementor-element-populated\">\n\t\t\t\t\t\t<div class=\"elementor-element elementor-element-f1ab509 elementor-widget elementor-widget-image\" data-id=\"f1ab509\" data-element_type=\"widget\" data-e-type=\"widget\" data-widget_type=\"image.default\">\n\t\t\t\t<div class=\"elementor-widget-container\">\n\t\t\t\t\t\t\t\t\t\t\t\t\t\t\t<img decoding=\"async\" src=\"https:\/\/www.carmaxrentacar.com\/guayaquil\/wp-content\/uploads\/2018\/05\/entrevista-americana-1.png\" title=\"\" alt=\"\" loading=\"lazy\">\t\t\t\t\t\t\t\t\t\t\t\t\t\t\t<\/div>\n\t\t\t\t<\/div>\n\t\t\t\t\t<\/div>\n\t\t<\/div>\n\t\t\t\t<div class=\"elementor-column elementor-col-50 elementor-inner-column elementor-element elementor-element-f0047a9\" data-id=\"f0047a9\" data-element_type=\"column\" data-e-type=\"column\">\n\t\t\t<div class=\"elementor-widget-wrap elementor-element-populated\">\n\t\t\t\t\t\t<div class=\"elementor-element elementor-element-4408914 elementor-widget elementor-widget-text-editor\" data-id=\"4408914\" data-element_type=\"widget\" data-e-type=\"widget\" data-widget_type=\"text-editor.default\">\n\t\t\t\t<div class=\"elementor-widget-container\">\n\t\t\t\t\t\t\t\t\t<p>y para ello el viajero debe tener presente que el entrevistador va a creer que el turista desea quedarse en EEUU y m\u00e1s a\u00fan, se centrar\u00e1 en los documentos que puedan faltarle y en verificar que el viajero desea regresar a su pa\u00eds de origen:<\/p><p>Debe demostrar seguridad todo el tiempo, evite titubear, permanecer en silencio, es importante demostrar una actitud positiva, amable y responder a todas las preguntas que se le hagan.<\/p>\t\t\t\t\t\t\t\t<\/div>\n\t\t\t\t<\/div>\n\t\t\t\t\t<\/div>\n\t\t<\/div>\n\t\t\t\t\t<\/div>\n\t\t<\/section>\n\t\t\t\t\t<\/div>\n\t\t<\/div>\n\t\t\t\t\t<\/div>\n\t\t<\/section>\n\t\t\t\t<section class=\"elementor-section elementor-top-section elementor-element elementor-element-e6a4f7a elementor-section-boxed elementor-section-height-default elementor-section-height-default\" data-id=\"e6a4f7a\" data-element_type=\"section\" data-e-type=\"section\" data-settings=\"{&quot;background_background&quot;:&quot;classic&quot;}\">\n\t\t\t\t\t\t<div class=\"elementor-container elementor-column-gap-default\">\n\t\t\t\t\t<div class=\"elementor-column elementor-col-100 elementor-top-column elementor-element elementor-element-27379b2\" data-id=\"27379b2\" data-element_type=\"column\" data-e-type=\"column\">\n\t\t\t<div class=\"elementor-widget-wrap elementor-element-populated\">\n\t\t\t\t\t\t<div class=\"elementor-element elementor-element-f7d20a6 elementor-widget elementor-widget-heading\" data-id=\"f7d20a6\" data-element_type=\"widget\" data-e-type=\"widget\" data-widget_type=\"heading.default\">\n\t\t\t\t<div class=\"elementor-widget-container\">\n\t\t\t\t\t<h2 class=\"elementor-heading-title elementor-size-default\">Y una recomendaci\u00f3n que seguramente muchos omiten:<\/h2>\t\t\t\t<\/div>\n\t\t\t\t<\/div>\n\t\t\t\t<section class=\"elementor-section elementor-inner-section elementor-element elementor-element-9296087 elementor-section-boxed elementor-section-height-default elementor-section-height-default\" data-id=\"9296087\" data-element_type=\"section\" data-e-type=\"section\">\n\t\t\t\t\t\t<div class=\"elementor-container elementor-column-gap-default\">\n\t\t\t\t\t<div class=\"elementor-column elementor-col-50 elementor-inner-column elementor-element elementor-element-cdcd545\" data-id=\"cdcd545\" data-element_type=\"column\" data-e-type=\"column\">\n\t\t\t<div class=\"elementor-widget-wrap elementor-element-populated\">\n\t\t\t\t\t\t<div class=\"elementor-element elementor-element-f66729f elementor-widget elementor-widget-text-editor\" data-id=\"f66729f\" data-element_type=\"widget\" data-e-type=\"widget\" data-widget_type=\"text-editor.default\">\n\t\t\t\t<div class=\"elementor-widget-container\">\n\t\t\t\t\t\t\t\t\tDurante el proceso de la entrevista deber\u00e1s esperar prolongados tiempos y es por ello importante <a href=\"https:\/\/www.suitesguayaquil.com\/\" target=\"_blank\" rel=\"noopener\"><strong>el descanso<\/strong><\/a>. Muchas ocasiones las personas que viajan a la ciudad de Guayaquil para su cita en la embajada estadounidense llegan cansadas, esto sucede sobre todo con la gente que viene de afueras de la ciudad.\n\nEl estar\u00a0<a href=\"https:\/\/www.suitesguayaquil.com\/\" target=\"_blank\" rel=\"noopener\">descansado correctamente es fundamental<\/a>, ya que aumenta tu capacidad de responder, la fluidez al pensar y hablar son factores determinantes para incrementar las posibilidades de que te otorguen el visado norteamericano.\n\n<a class=\"blued\" href=\"https:\/\/www.suitesguayaquil.com\/\" target=\"_blank\" rel=\"noopener\">Te recomendamos hospedarte en un hotel cerca del consulado americano.<\/a>\t\t\t\t\t\t\t\t<\/div>\n\t\t\t\t<\/div>\n\t\t\t\t\t<\/div>\n\t\t<\/div>\n\t\t\t\t<div class=\"elementor-column elementor-col-50 elementor-inner-column elementor-element elementor-element-3c845b4\" data-id=\"3c845b4\" data-element_type=\"column\" data-e-type=\"column\">\n\t\t\t<div class=\"elementor-widget-wrap elementor-element-populated\">\n\t\t\t\t\t\t<div class=\"elementor-element elementor-element-dcb3525 elementor-widget elementor-widget-image\" data-id=\"dcb3525\" data-element_type=\"widget\" data-e-type=\"widget\" data-widget_type=\"image.default\">\n\t\t\t\t<div class=\"elementor-widget-container\">\n\t\t\t\t\t\t\t\t\t\t\t\t\t\t\t\t<a href=\"https:\/\/www.suitesguayaquil.com\/\" target=\"_blank\" rel=\"noopener\">\n\t\t\t\t\t\t\t<img decoding=\"async\" src=\"https:\/\/www.carmaxrentacar.com\/guayaquil\/wp-content\/uploads\/2018\/05\/cansado.png\" title=\"\" alt=\"\" loading=\"lazy\">\t\t\t\t\t\t\t\t<\/a>\n\t\t\t\t\t\t\t\t\t\t\t\t\t\t\t<\/div>\n\t\t\t\t<\/div>\n\t\t\t\t\t<\/div>\n\t\t<\/div>\n\t\t\t\t\t<\/div>\n\t\t<\/section>\n\t\t\t\t\t<\/div>\n\t\t<\/div>\n\t\t\t\t\t<\/div>\n\t\t<\/section>\n\t\t\t\t<section class=\"elementor-section elementor-top-section elementor-element elementor-element-2e05073 elementor-section-boxed elementor-section-height-default elementor-section-height-default\" data-id=\"2e05073\" data-element_type=\"section\" data-e-type=\"section\">\n\t\t\t\t\t\t<div class=\"elementor-container elementor-column-gap-default\">\n\t\t\t\t\t<div class=\"elementor-column elementor-col-100 elementor-top-column elementor-element elementor-element-f8f5e6a\" data-id=\"f8f5e6a\" data-element_type=\"column\" data-e-type=\"column\">\n\t\t\t<div class=\"elementor-widget-wrap elementor-element-populated\">\n\t\t\t\t\t\t<div class=\"elementor-element elementor-element-d83dca2 elementor-widget elementor-widget-text-editor\" data-id=\"d83dca2\" data-element_type=\"widget\" data-e-type=\"widget\" data-widget_type=\"text-editor.default\">\n\t\t\t\t<div class=\"elementor-widget-container\">\n\t\t\t\t\t\t\t\t\t<p><strong>M\u00e1s informaci\u00f3n debes llamar al<\/strong><\/p><p><strong>(04) 371-7000<\/strong><\/p>\t\t\t\t\t\t\t\t<\/div>\n\t\t\t\t<\/div>\n\t\t\t\t\t<\/div>\n\t\t<\/div>\n\t\t\t\t\t<\/div>\n\t\t<\/section>\n\t\t\t\t<\/div>\n\t\t","protected":false},"excerpt":{"rendered":"<p>Recomendaciones para tramitar tu visa a EEUU Sigue estas recomendaciones y mejora tus oportunidades de obtener la visa estadounidense \u00bfQui\u00e9nes pueden tramitar la visa? Cualquier persona puede solicitar una visa B1 para negocios o B2 para turismo. El formulario de solicitud debe ser rellenado en l\u00ednea. En la mayor\u00eda de casos se requiere entrevista. Puede [&hellip;]<\/p>\n","protected":false},"author":1,"featured_media":1591,"parent":0,"menu_order":0,"comment_status":"closed","ping_status":"closed","template":"","meta":{"footnotes":""},"class_list":["post-1557","page","type-page","status-publish","has-post-thumbnail","hentry","wpbf-post"],"_links":{"self":[{"href":"https:\/\/www.carmaxrentacar.com\/guayaquil\/wp-json\/wp\/v2\/pages\/1557","targetHints":{"allow":["GET"]}}],"collection":[{"href":"https:\/\/www.carmaxrentacar.com\/guayaquil\/wp-json\/wp\/v2\/pages"}],"about":[{"href":"https:\/\/www.carmaxrentacar.com\/guayaquil\/wp-json\/wp\/v2\/types\/page"}],"author":[{"embeddable":true,"href":"https:\/\/www.carmaxrentacar.com\/guayaquil\/wp-json\/wp\/v2\/users\/1"}],"replies":[{"embeddable":true,"href":"https:\/\/www.carmaxrentacar.com\/guayaquil\/wp-json\/wp\/v2\/comments?post=1557"}],"version-history":[{"count":0,"href":"https:\/\/www.carmaxrentacar.com\/guayaquil\/wp-json\/wp\/v2\/pages\/1557\/revisions"}],"wp:featuredmedia":[{"embeddable":true,"href":"https:\/\/www.carmaxrentacar.com\/guayaquil\/wp-json\/wp\/v2\/media\/1591"}],"wp:attachment":[{"href":"https:\/\/www.carmaxrentacar.com\/guayaquil\/wp-json\/wp\/v2\/media?parent=1557"}],"curies":[{"name":"wp","href":"https:\/\/api.w.org\/{rel}","templated":true}]}}