{"id":1394,"date":"2018-05-02T14:28:36","date_gmt":"2018-05-02T19:28:36","guid":{"rendered":"https:\/\/www.carmaxrentacar.com\/guayaquil\/?page_id=1394"},"modified":"2018-05-06T12:27:39","modified_gmt":"2018-05-06T17:27:39","slug":"tips-para-viajeros","status":"publish","type":"page","link":"https:\/\/www.carmaxrentacar.com\/guayaquil\/tips-para-viajeros.html","title":{"rendered":"Tips para viajeros"},"content":{"rendered":"\t\t<div data-elementor-type=\"wp-page\" data-elementor-id=\"1394\" class=\"elementor elementor-1394 elementor-bc-flex-widget\" data-elementor-post-type=\"page\">\n\t\t\t\t\t\t<section class=\"elementor-section elementor-top-section elementor-element elementor-element-863758d elementor-section-boxed elementor-section-height-default elementor-section-height-default\" data-id=\"863758d\" data-element_type=\"section\" data-e-type=\"section\">\n\t\t\t\t\t\t<div class=\"elementor-container elementor-column-gap-default\">\n\t\t\t\t\t<div class=\"elementor-column elementor-col-100 elementor-top-column elementor-element elementor-element-8ffe187\" data-id=\"8ffe187\" data-element_type=\"column\" data-e-type=\"column\">\n\t\t\t<div class=\"elementor-widget-wrap elementor-element-populated\">\n\t\t\t\t\t\t<div class=\"elementor-element elementor-element-0d4b8bb elementor-widget elementor-widget-heading\" data-id=\"0d4b8bb\" data-element_type=\"widget\" data-e-type=\"widget\" data-widget_type=\"heading.default\">\n\t\t\t\t<div class=\"elementor-widget-container\">\n\t\t\t\t\t<h1 class=\"elementor-heading-title elementor-size-large\">Turismo Guayaquil<\/h1>\t\t\t\t<\/div>\n\t\t\t\t<\/div>\n\t\t\t\t\t<\/div>\n\t\t<\/div>\n\t\t\t\t\t<\/div>\n\t\t<\/section>\n\t\t\t\t<section class=\"elementor-section elementor-top-section elementor-element elementor-element-2510fe8 elementor-section-boxed elementor-section-height-default elementor-section-height-default\" data-id=\"2510fe8\" data-element_type=\"section\" data-e-type=\"section\">\n\t\t\t\t\t\t<div class=\"elementor-container elementor-column-gap-default\">\n\t\t\t\t\t<div class=\"elementor-column elementor-col-100 elementor-top-column elementor-element elementor-element-7c664df\" data-id=\"7c664df\" data-element_type=\"column\" data-e-type=\"column\">\n\t\t\t<div class=\"elementor-widget-wrap elementor-element-populated\">\n\t\t\t\t\t\t<div class=\"elementor-element elementor-element-043eb9e elementor-widget elementor-widget-text-editor\" data-id=\"043eb9e\" data-element_type=\"widget\" data-e-type=\"widget\" data-widget_type=\"text-editor.default\">\n\t\t\t\t<div class=\"elementor-widget-container\">\n\t\t\t\t\t\t\t\t\t<p><strong>Recomendaciones para el viajero en su visita a Ecuador<\/strong><\/p><p>Para que las vacaciones sean aprovechadas al m\u00e1ximo,y hacer un buen Turismo en Guayaquil y en todo el Ecuador, es recomendable seguir algunos tips de seguridad que le ayudar\u00e1n a vivir buenas experiencias. Es nuestra prioridad garantizar las mejores condiciones para su seguridad y comodidad en el alquiler de carros en Ecuador.<\/p><ol><li>Antes de salir, comunique a su Banco emisor de su Tarjeta de Cr\u00e9dito que viajara fuera del pa\u00eds de su residencia y que utilizara su tarjeta a nivel internacional para que activen su cr\u00e9dito internacional. Realice un presupuesto del dinero en efectivo que va utilizar<\/li><li>Defina un plan del trayecto. El plan deber\u00e1 contar con datos como: hora de salida, ruta para salir de la ciudad, gasolineras en donde cargar\u00e1 combustible, carretera que utilizar\u00e1 para llegar a su destino, horarios y lugares en los que planea comer.<\/li><li>Trate de viajar durante el d\u00eda. Es probable que encuentre m\u00e1s tr\u00e1fico, sin embargo, es m\u00e1s f\u00e1cil manejar con la luz del d\u00eda y recibir ayuda si la necesita.<br \/>Todos los integrantes de la familia deber\u00e1n utilizar el cintur\u00f3n de seguridad en todo momento. Los ni\u00f1os deben de ir sentados en el asiento trasero con el cintur\u00f3n de seguridad puesto.<br \/>Prepare con anticipaci\u00f3n todos los documentos necesarios para viajar como son la licencia, la tarjeta de circulaci\u00f3n, la p\u00f3liza del seguro y el pasaporte en caso de salir al extranjero.<\/li><li>Seguridad (no despertar tentaciones)<ol><li>Coloque los objetos de valor en cajuela o guantera.<\/li><li>En el improbable caso de que un extra\u00f1o le exija sus objetos de valor, no se resista.<\/li><li>S\u00f3lo utilice cajeros en tiendas o centros comerciales y cuente su dinero en el auto.<\/li><\/ol><\/li><li>Respete los se\u00f1alamientos y los l\u00edmites de velocidad.<br \/>Lleve direcciones y tel\u00e9fonos del destino a donde se dirige (hotel, amigos,familiares) as\u00edcomo tel\u00e9fonos de emergencia.<\/li><li>Asegurarse de las buenas condiciones del veh\u00edculo es muy importante, por ello nos esmeramos en mantener \u00f3ptimas, las condiciones de nuestra flota de veh\u00edculos, a trav\u00e9s de programas de mantenimiento continuo y el profesionalismo de nuestro personal de servicio.<\/li><\/ol>\t\t\t\t\t\t\t\t<\/div>\n\t\t\t\t<\/div>\n\t\t\t\t<div class=\"elementor-element elementor-element-1982609 elementor-widget elementor-widget-text-editor\" data-id=\"1982609\" data-element_type=\"widget\" data-e-type=\"widget\" data-widget_type=\"text-editor.default\">\n\t\t\t\t<div class=\"elementor-widget-container\">\n\t\t\t\t\t\t\t\t\t<p><strong>Siempre seguro con carmax rent a car<\/strong><\/p>\t\t\t\t\t\t\t\t<\/div>\n\t\t\t\t<\/div>\n\t\t\t\t\t<\/div>\n\t\t<\/div>\n\t\t\t\t\t<\/div>\n\t\t<\/section>\n\t\t\t\t<section class=\"elementor-section elementor-top-section elementor-element elementor-element-9070077 elementor-section-boxed elementor-section-height-default elementor-section-height-default\" data-id=\"9070077\" data-element_type=\"section\" data-e-type=\"section\">\n\t\t\t\t\t\t<div class=\"elementor-container elementor-column-gap-default\">\n\t\t\t\t\t<div class=\"elementor-column elementor-col-100 elementor-top-column elementor-element elementor-element-679829c\" data-id=\"679829c\" data-element_type=\"column\" data-e-type=\"column\">\n\t\t\t<div class=\"elementor-widget-wrap elementor-element-populated\">\n\t\t\t\t\t\t<div class=\"elementor-element elementor-element-737a416 elementor-widget elementor-widget-heading\" data-id=\"737a416\" data-element_type=\"widget\" data-e-type=\"widget\" data-widget_type=\"heading.default\">\n\t\t\t\t<div class=\"elementor-widget-container\">\n\t\t\t\t\t<h2 class=\"elementor-heading-title elementor-size-default\">Donde las playas verdes se encuentran con el mar<\/h2>\t\t\t\t<\/div>\n\t\t\t\t<\/div>\n\t\t\t\t<div class=\"elementor-element elementor-element-7853e50 elementor-widget elementor-widget-text-editor\" data-id=\"7853e50\" data-element_type=\"widget\" data-e-type=\"widget\" data-widget_type=\"text-editor.default\">\n\t\t\t\t<div class=\"elementor-widget-container\">\n\t\t\t\t\t\t\t\t\t<p><a href=\"https:\/\/www.carmaxrentacar.com\/guayaquil\/wp-content\/uploads\/2018\/05\/alojamiento-guayaquil.jpg\"><img decoding=\"async\" class=\"alignleft wp-image-1398 size-full\" src=\"https:\/\/www.carmaxrentacar.com\/guayaquil\/wp-content\/uploads\/2018\/05\/alojamiento-guayaquil.jpg\" alt=\"Playas de Ecuador\" width=\"189\" height=\"146\" data-wp-pid=\"1398\" title=\"\"><\/a>De norte a sur, bellas playas se muestran en el Pac\u00edfico ecuatoriano. Junto a puertos, poblaciones pesqueras y ciudades modernas, bosques protegidos crecen frondosos con sus h\u00famedas y gigantescas ra\u00edces terracotas. Los manglares m\u00e1s altos del mundo (64 metros) se encuentran en el bosque de Majagual en la Reserva Ecol\u00f3gica Cayapas-Mataje. En el Parque Nacional Machalilla, el mar, las playas v\u00edrgenes y las florestas se enlazan con la historia de culturas precolombinas y PRE-incaicas. Las aguas alrededor de la Isla de la Plata son un para\u00edso de peces multicolores y la fauna de las islas se asemeja a la que se encuentra en las Islas Gal\u00e1pagos. Desde Puerto L\u00f3pez, se avistan ballenas jorobadas (Meg\u00e1ptero novaeangliae) que llegan cada a\u00f1o desde la Ant\u00e1rtica para aparearse entre junio y octubre. El mayor refugio de aves marinas del Ecuador est\u00e1 en la Isla Santa Clara, al sur de la Costa.<\/p>\t\t\t\t\t\t\t\t<\/div>\n\t\t\t\t<\/div>\n\t\t\t\t<div class=\"elementor-element elementor-element-2621b07 elementor-widget elementor-widget-text-editor\" data-id=\"2621b07\" data-element_type=\"widget\" data-e-type=\"widget\" data-widget_type=\"text-editor.default\">\n\t\t\t\t<div class=\"elementor-widget-container\">\n\t\t\t\t\t\t\t\t\t<p><a href=\"https:\/\/www.carmaxrentacar.com\/guayaquil\/wp-content\/uploads\/2018\/05\/hotels-guayaquil.jpg\"><img decoding=\"async\" class=\"alignright wp-image-1400 size-full\" src=\"https:\/\/www.carmaxrentacar.com\/guayaquil\/wp-content\/uploads\/2018\/05\/hotels-guayaquil.jpg\" alt=\"Guayaquil Ecuador \" width=\"224\" height=\"182\" data-wp-pid=\"1400\" title=\"\"><\/a>La brisa del mar acaricia la Ruta del Sol que atraviesa solitarias playas, pintorescos poblados de pescadores y es v\u00eda de acceso a hermosos y modernos balnearios como el de Salinas y al pujante puerto pesquero y tur\u00edstico de Manta. Bah\u00eda de Car\u00e1quez, una bella eco-ciudad junto al Pac\u00edfico, es el punto de partida para llegar hacia algunos bosques secos tropicales y sitios arqueol\u00f3gicos. En Esmeraldas, se juntan el verdor tropical y las largas playas. Atacames conjuga el turismo con la alegr\u00eda y la hospitalidad ecuatoriana.\u00a0<\/p>\t\t\t\t\t\t\t\t<\/div>\n\t\t\t\t<\/div>\n\t\t\t\t\t<\/div>\n\t\t<\/div>\n\t\t\t\t\t<\/div>\n\t\t<\/section>\n\t\t\t\t<\/div>\n\t\t","protected":false},"excerpt":{"rendered":"<p>Turismo Guayaquil Recomendaciones para el viajero en su visita a Ecuador Para que las vacaciones sean aprovechadas al m\u00e1ximo,y hacer un buen Turismo en Guayaquil y en todo el Ecuador, es recomendable seguir algunos tips de seguridad que le ayudar\u00e1n a vivir buenas experiencias. Es nuestra prioridad garantizar las mejores condiciones para su seguridad y [&hellip;]<\/p>\n","protected":false},"author":1,"featured_media":0,"parent":0,"menu_order":0,"comment_status":"closed","ping_status":"closed","template":"","meta":{"footnotes":""},"class_list":["post-1394","page","type-page","status-publish","hentry","wpbf-post"],"_links":{"self":[{"href":"https:\/\/www.carmaxrentacar.com\/guayaquil\/wp-json\/wp\/v2\/pages\/1394","targetHints":{"allow":["GET"]}}],"collection":[{"href":"https:\/\/www.carmaxrentacar.com\/guayaquil\/wp-json\/wp\/v2\/pages"}],"about":[{"href":"https:\/\/www.carmaxrentacar.com\/guayaquil\/wp-json\/wp\/v2\/types\/page"}],"author":[{"embeddable":true,"href":"https:\/\/www.carmaxrentacar.com\/guayaquil\/wp-json\/wp\/v2\/users\/1"}],"replies":[{"embeddable":true,"href":"https:\/\/www.carmaxrentacar.com\/guayaquil\/wp-json\/wp\/v2\/comments?post=1394"}],"version-history":[{"count":0,"href":"https:\/\/www.carmaxrentacar.com\/guayaquil\/wp-json\/wp\/v2\/pages\/1394\/revisions"}],"wp:attachment":[{"href":"https:\/\/www.carmaxrentacar.com\/guayaquil\/wp-json\/wp\/v2\/media?parent=1394"}],"curies":[{"name":"wp","href":"https:\/\/api.w.org\/{rel}","templated":true}]}}